{"id":619,"date":"2025-03-12T14:31:28","date_gmt":"2025-03-12T14:31:28","guid":{"rendered":"https:\/\/premiumproperties.com.mx\/?page_id=619"},"modified":"2025-03-12T16:54:30","modified_gmt":"2025-03-12T16:54:30","slug":"tulum-lots","status":"publish","type":"page","link":"https:\/\/premiumproperties.com.mx\/es\/tulum-lots\/","title":{"rendered":"Tulum Lots"},"content":{"rendered":"<div data-elementor-type=\"wp-page\" data-elementor-id=\"619\" class=\"elementor elementor-619\" data-elementor-settings=\"{&quot;ha_cmc_init_switcher&quot;:&quot;no&quot;}\" data-elementor-post-type=\"page\">\n\t\t\t\t\t\t<section class=\"elementor-section elementor-top-section elementor-element elementor-element-eb1a63b elementor-section-full_width elementor-section-height-default elementor-section-height-default\" data-id=\"eb1a63b\" data-element_type=\"section\" data-settings=\"{&quot;_ha_eqh_enable&quot;:false}\">\n\t\t\t\t\t\t<div class=\"elementor-container elementor-column-gap-default\">\n\t\t\t\t\t<div class=\"elementor-column elementor-col-100 elementor-top-column elementor-element elementor-element-62a79d7\" data-id=\"62a79d7\" data-element_type=\"column\">\n\t\t\t<div class=\"elementor-widget-wrap elementor-element-populated\">\n\t\t\t\t\t\t<div class=\"elementor-element elementor-element-8200421 animated-slow elementor-invisible elementor-widget elementor-widget-heading\" data-id=\"8200421\" data-element_type=\"widget\" data-settings=\"{&quot;_animation&quot;:&quot;fadeIn&quot;}\" data-widget_type=\"heading.default\">\n\t\t\t\t<div class=\"elementor-widget-container\">\n\t\t\t\t\t<h1 class=\"elementor-heading-title elementor-size-default\">TERRENOS EN VENTA PROYECTOS INMOBILIARIOS Y CASAS<\/h1>\t\t\t\t<\/div>\n\t\t\t\t<\/div>\n\t\t\t\t<div class=\"elementor-element elementor-element-42162b4 elementor-widget elementor-widget-text-editor\" data-id=\"42162b4\" data-element_type=\"widget\" data-widget_type=\"text-editor.default\">\n\t\t\t\t<div class=\"elementor-widget-container\">\n\t\t\t\t\t\t\t\t\t<p>By PremiumProperties<\/p>\t\t\t\t\t\t\t\t<\/div>\n\t\t\t\t<\/div>\n\t\t\t\t\t<\/div>\n\t\t<\/div>\n\t\t\t\t\t<\/div>\n\t\t<\/section>\n\t\t\t\t<section class=\"elementor-section elementor-top-section elementor-element elementor-element-286b6f1 elementor-section-full_width elementor-section-height-default elementor-section-height-default\" data-id=\"286b6f1\" data-element_type=\"section\" data-settings=\"{&quot;_ha_eqh_enable&quot;:false}\">\n\t\t\t\t\t\t<div class=\"elementor-container elementor-column-gap-default\">\n\t\t\t\t\t<div class=\"elementor-column elementor-col-33 elementor-top-column elementor-element elementor-element-eed6648\" data-id=\"eed6648\" data-element_type=\"column\">\n\t\t\t<div class=\"elementor-widget-wrap elementor-element-populated\">\n\t\t\t\t\t\t<div data-ha-element-link=\"{&quot;url&quot;:&quot;https:\\\/\\\/premiumproperties.com.mx\\\/tulum-lots\\\/lote-aldea-zama\\\/&quot;,&quot;is_external&quot;:&quot;&quot;,&quot;nofollow&quot;:&quot;&quot;}\" style=\"cursor: pointer\" class=\"elementor-element elementor-element-f232b81 ha-card--top ha-card--tablet-top ha-card--mobile-top ha-has-bg-overlay elementor-widget elementor-widget-ha-card happy-addon ha-card\" data-id=\"f232b81\" data-element_type=\"widget\" data-widget_type=\"ha-card.default\">\n\t\t\t\t<div class=\"elementor-widget-container\">\n\t\t\t\t\t\n\t\t\t\t\t<figure class=\"ha-card-figure\">\n\t\t\t\t<img fetchpriority=\"high\" decoding=\"async\" width=\"1200\" height=\"675\" src=\"https:\/\/premiumproperties.com.mx\/wp-content\/uploads\/2025\/02\/lote-aldea-zama-02.jpg\" class=\"attachment-full size-full wp-image-588\" alt=\"\" srcset=\"https:\/\/premiumproperties.com.mx\/wp-content\/uploads\/2025\/02\/lote-aldea-zama-02.jpg 1200w, https:\/\/premiumproperties.com.mx\/wp-content\/uploads\/2025\/02\/lote-aldea-zama-02-300x169.jpg 300w, https:\/\/premiumproperties.com.mx\/wp-content\/uploads\/2025\/02\/lote-aldea-zama-02-1024x576.jpg 1024w, https:\/\/premiumproperties.com.mx\/wp-content\/uploads\/2025\/02\/lote-aldea-zama-02-768x432.jpg 768w, https:\/\/premiumproperties.com.mx\/wp-content\/uploads\/2025\/02\/lote-aldea-zama-02-18x10.jpg 18w\" sizes=\"(max-width: 1200px) 100vw, 1200px\" \/>\t\t\t\t\t\t\t<\/figure>\n\t\t\n\t\t<div class=\"ha-card-body\">\n\n\t\t\t<h2 class=\"ha-card-title\">Lote Aldea Zama<\/h2>\n\t\t\t\t\t\t\t<div class=\"ha-card-text\">\n\t\t\t\t\t<p>PROPERTY SIZE: 6987.32 M2<br>\nSEA FRONT :  63.38 MTS<br>\nBACKGROUND FRONT: 65.40 MTS<br>\nLATERAL: 110 MTS<\/p>\n\t\t\t\t<\/div>\n\t\t\t\n\t\t\t<a class=\"ha-btn\" href=\"https:\/\/premiumproperties.com.mx\/es\/tulum-lots\/lote-aldea-zama\/\"><span class=\"ha-btn-text\">USD 2.800.000 <\/span><\/a>\t\t<\/div>\n\t\t\t\t\t\t<\/div>\n\t\t\t\t<\/div>\n\t\t\t\t\t<\/div>\n\t\t<\/div>\n\t\t\t\t<div class=\"elementor-column elementor-col-33 elementor-top-column elementor-element elementor-element-b523ca2\" data-id=\"b523ca2\" data-element_type=\"column\">\n\t\t\t<div class=\"elementor-widget-wrap elementor-element-populated\">\n\t\t\t\t\t\t<div data-ha-element-link=\"{&quot;url&quot;:&quot;https:\\\/\\\/premiumproperties.com.mx\\\/tulum-lots\\\/lote-escuela\\\/&quot;,&quot;is_external&quot;:&quot;&quot;,&quot;nofollow&quot;:&quot;&quot;}\" style=\"cursor: pointer\" class=\"elementor-element elementor-element-7605104 ha-card--top ha-card--tablet-top ha-card--mobile-top ha-has-bg-overlay elementor-widget elementor-widget-ha-card happy-addon ha-card\" data-id=\"7605104\" data-element_type=\"widget\" data-widget_type=\"ha-card.default\">\n\t\t\t\t<div class=\"elementor-widget-container\">\n\t\t\t\t\t\n\t\t\t\t\t<figure class=\"ha-card-figure\">\n\t\t\t\t<img decoding=\"async\" width=\"1200\" height=\"675\" src=\"https:\/\/premiumproperties.com.mx\/wp-content\/uploads\/2025\/01\/lote-escuela-01.jpg\" class=\"attachment-full size-full wp-image-503\" alt=\"\" srcset=\"https:\/\/premiumproperties.com.mx\/wp-content\/uploads\/2025\/01\/lote-escuela-01.jpg 1200w, https:\/\/premiumproperties.com.mx\/wp-content\/uploads\/2025\/01\/lote-escuela-01-300x169.jpg 300w, https:\/\/premiumproperties.com.mx\/wp-content\/uploads\/2025\/01\/lote-escuela-01-1024x576.jpg 1024w, https:\/\/premiumproperties.com.mx\/wp-content\/uploads\/2025\/01\/lote-escuela-01-768x432.jpg 768w, https:\/\/premiumproperties.com.mx\/wp-content\/uploads\/2025\/01\/lote-escuela-01-18x10.jpg 18w\" sizes=\"(max-width: 1200px) 100vw, 1200px\" \/>\t\t\t\t\t\t\t<\/figure>\n\t\t\n\t\t<div class=\"ha-card-body\">\n\n\t\t\t<h2 class=\"ha-card-title\">Lote Escuela<\/h2>\n\t\t\t\t\t\t\t<div class=\"ha-card-text\">\n\t\t\t\t\t<p>PROPERTY SIZE: 12.957.78 M2<br>\nSEA FRONT :  128 MTS<br>\nBACKGROUND FRONT: 102 MTS<br>\nLATERAL: 127 MTS<\/p>\n\t\t\t\t<\/div>\n\t\t\t\n\t\t\t<a class=\"ha-btn\" href=\"https:\/\/premiumproperties.com.mx\/es\/tulum-lots\/lote-escuela\/\"><span class=\"ha-btn-text\">USD 2.800.000 <\/span><\/a>\t\t<\/div>\n\t\t\t\t\t\t<\/div>\n\t\t\t\t<\/div>\n\t\t\t\t\t<\/div>\n\t\t<\/div>\n\t\t\t\t<div class=\"elementor-column elementor-col-33 elementor-top-column elementor-element elementor-element-1014d4a\" data-id=\"1014d4a\" data-element_type=\"column\">\n\t\t\t<div class=\"elementor-widget-wrap elementor-element-populated\">\n\t\t\t\t\t\t<div data-ha-element-link=\"{&quot;url&quot;:&quot;https:\\\/\\\/premiumproperties.com.mx\\\/tulum-lots\\\/lotes-18-y-21\\\/&quot;,&quot;is_external&quot;:&quot;&quot;,&quot;nofollow&quot;:&quot;&quot;}\" style=\"cursor: pointer\" class=\"elementor-element elementor-element-fa0b1ca ha-card--top ha-card--tablet-top ha-card--mobile-top ha-has-bg-overlay elementor-widget elementor-widget-ha-card happy-addon ha-card\" data-id=\"fa0b1ca\" data-element_type=\"widget\" data-widget_type=\"ha-card.default\">\n\t\t\t\t<div class=\"elementor-widget-container\">\n\t\t\t\t\t\n\t\t\t\t\t<figure class=\"ha-card-figure\">\n\t\t\t\t<img decoding=\"async\" width=\"1200\" height=\"696\" src=\"https:\/\/premiumproperties.com.mx\/wp-content\/uploads\/2025\/03\/lotes-1821-01.jpg\" class=\"attachment-full size-full wp-image-640\" alt=\"\" srcset=\"https:\/\/premiumproperties.com.mx\/wp-content\/uploads\/2025\/03\/lotes-1821-01.jpg 1200w, https:\/\/premiumproperties.com.mx\/wp-content\/uploads\/2025\/03\/lotes-1821-01-300x174.jpg 300w, https:\/\/premiumproperties.com.mx\/wp-content\/uploads\/2025\/03\/lotes-1821-01-1024x594.jpg 1024w, https:\/\/premiumproperties.com.mx\/wp-content\/uploads\/2025\/03\/lotes-1821-01-768x445.jpg 768w, https:\/\/premiumproperties.com.mx\/wp-content\/uploads\/2025\/03\/lotes-1821-01-18x10.jpg 18w\" sizes=\"(max-width: 1200px) 100vw, 1200px\" \/>\t\t\t\t\t\t\t<\/figure>\n\t\t\n\t\t<div class=\"ha-card-body\">\n\n\t\t\t<h2 class=\"ha-card-title\">LoteS 18 Y 21<\/h2>\n\t\t\t\t\t\t\t<div class=\"ha-card-text\">\n\t\t\t\t\t<p>PROPERTY SIZE: 351.78 M2<br>\nSEA FRONT :  16.33 MTS<br>\nBACKGROUND FRONT: 16.33 MTS<br>\nLATERAL: 21.66 MTS<\/p>\n\t\t\t\t<\/div>\n\t\t\t\n\t\t\t<a class=\"ha-btn\" href=\"https:\/\/premiumproperties.com.mx\/es\/tulum-lots\/lotes-18-y-21\/\"><span class=\"ha-btn-text\">USD 100.000 FOR EACH ONE<\/span><\/a>\t\t<\/div>\n\t\t\t\t\t\t<\/div>\n\t\t\t\t<\/div>\n\t\t\t\t\t<\/div>\n\t\t<\/div>\n\t\t\t\t\t<\/div>\n\t\t<\/section>\n\t\t\t\t<section class=\"elementor-section elementor-top-section elementor-element elementor-element-7a69045 elementor-section-full_width elementor-section-height-default elementor-section-height-default\" data-id=\"7a69045\" data-element_type=\"section\" data-settings=\"{&quot;_ha_eqh_enable&quot;:false}\">\n\t\t\t\t\t\t<div class=\"elementor-container elementor-column-gap-default\">\n\t\t\t\t\t<div class=\"elementor-column elementor-col-100 elementor-top-column elementor-element elementor-element-39cbbf6\" data-id=\"39cbbf6\" data-element_type=\"column\">\n\t\t\t<div class=\"elementor-widget-wrap elementor-element-populated\">\n\t\t\t\t\t\t<div class=\"elementor-element elementor-element-365102e elementor-widget elementor-widget-text-editor\" data-id=\"365102e\" data-element_type=\"widget\" data-widget_type=\"text-editor.default\">\n\t\t\t\t<div class=\"elementor-widget-container\">\n\t\t\t\t\t\t\t\t\t<p>*Los precios mostrados son precios iniciales y est\u00e1n sujetos al tipo de cambio del d\u00eda del Peso Mexicano.<\/p>\t\t\t\t\t\t\t\t<\/div>\n\t\t\t\t<\/div>\n\t\t\t\t<div class=\"elementor-element elementor-element-fbefc7e elementor-widget-divider--separator-type-pattern elementor-widget-divider--view-line elementor-widget elementor-widget-divider\" data-id=\"fbefc7e\" data-element_type=\"widget\" data-widget_type=\"divider.default\">\n\t\t\t\t<div class=\"elementor-widget-container\">\n\t\t\t\t\t\t\t<div class=\"elementor-divider\" style=\"--divider-pattern-url: url(&quot;data:image\/svg+xml,%3Csvg xmlns=&#039;http:\/\/www.w3.org\/2000\/svg&#039; preserveAspectRatio=&#039;none&#039; overflow=&#039;visible&#039; height=&#039;100%&#039; viewBox=&#039;0 0 20 16&#039; fill=&#039;none&#039; stroke=&#039;black&#039; stroke-width=&#039;1&#039; stroke-linecap=&#039;square&#039; stroke-miterlimit=&#039;10&#039;%3E%3Cg transform=&#039;translate(-12.000000, 0)&#039;%3E%3Cpath d=&#039;M28,0L10,18&#039;\/%3E%3Cpath d=&#039;M18,0L0,18&#039;\/%3E%3Cpath d=&#039;M48,0L30,18&#039;\/%3E%3Cpath d=&#039;M38,0L20,18&#039;\/%3E%3C\/g%3E%3C\/svg%3E&quot;);\">\n\t\t\t<span class=\"elementor-divider-separator\">\n\t\t\t\t\t\t<\/span>\n\t\t<\/div>\n\t\t\t\t\t\t<\/div>\n\t\t\t\t<\/div>\n\t\t\t\t\t<\/div>\n\t\t<\/div>\n\t\t\t\t\t<\/div>\n\t\t<\/section>\n\t\t\t\t<section class=\"elementor-section elementor-top-section elementor-element elementor-element-6ff2f8a elementor-section-boxed elementor-section-height-default elementor-section-height-default\" data-id=\"6ff2f8a\" data-element_type=\"section\" data-settings=\"{&quot;_ha_eqh_enable&quot;:false}\">\n\t\t\t\t\t\t<div class=\"elementor-container elementor-column-gap-default\">\n\t\t\t\t\t<div class=\"elementor-column elementor-col-100 elementor-top-column elementor-element elementor-element-86a6da5\" data-id=\"86a6da5\" data-element_type=\"column\" data-settings=\"{&quot;background_background&quot;:&quot;classic&quot;}\">\n\t\t\t<div class=\"elementor-widget-wrap elementor-element-populated\">\n\t\t\t\t\t\t<div class=\"elementor-element elementor-element-98b886e elementor-widget elementor-widget-heading\" data-id=\"98b886e\" data-element_type=\"widget\" data-widget_type=\"heading.default\">\n\t\t\t\t<div class=\"elementor-widget-container\">\n\t\t\t\t\t<h5 class=\"elementor-heading-title elementor-size-default\">Custom searcheS<\/h5>\t\t\t\t<\/div>\n\t\t\t\t<\/div>\n\t\t\t\t<div class=\"elementor-element elementor-element-7a0ac6c elementor-widget elementor-widget-text-editor\" data-id=\"7a0ac6c\" data-element_type=\"widget\" data-widget_type=\"text-editor.default\">\n\t\t\t\t<div class=\"elementor-widget-container\">\n\t\t\t\t\t\t\t\t\t<p><b>Need help finding the property you<\/b> <strong>are<\/strong><b> looking for?<\/b><\/p><p>Contact us, and we will look for it for you.<\/p>\t\t\t\t\t\t\t\t<\/div>\n\t\t\t\t<\/div>\n\t\t\t\t<div class=\"elementor-element elementor-element-55d7376 elementor-button-align-stretch elementor-widget elementor-widget-form\" data-id=\"55d7376\" data-element_type=\"widget\" data-settings=\"{&quot;step_next_label&quot;:&quot;Siguiente&quot;,&quot;step_previous_label&quot;:&quot;Anterior&quot;,&quot;button_width&quot;:&quot;100&quot;,&quot;step_type&quot;:&quot;number_text&quot;,&quot;step_icon_shape&quot;:&quot;circle&quot;}\" data-widget_type=\"form.default\">\n\t\t\t\t<div class=\"elementor-widget-container\">\n\t\t\t\t\t\t\t<form class=\"elementor-form\" method=\"post\" name=\"New Form\" action=\"\">\n\t\t\t<input type=\"hidden\" name=\"post_id\" value=\"619\"\/>\n\t\t\t<input type=\"hidden\" name=\"form_id\" value=\"55d7376\"\/>\n\t\t\t<input type=\"hidden\" name=\"referer_title\" value=\"Tulum Lots\" \/>\n\n\t\t\t\t\t\t\t<input type=\"hidden\" name=\"queried_id\" value=\"619\"\/>\n\t\t\t\n\t\t\t<div class=\"elementor-form-fields-wrapper elementor-labels-\">\n\t\t\t\t\t\t\t\t<div class=\"elementor-field-type-text elementor-field-group elementor-column elementor-field-group-name elementor-col-100\">\n\t\t\t\t\t\t\t\t\t\t\t\t<label for=\"form-field-name\" class=\"elementor-field-label elementor-screen-only\">\n\t\t\t\t\t\t\t\tNombre\t\t\t\t\t\t\t<\/label>\n\t\t\t\t\t\t\t\t\t\t\t\t\t\t<input size=\"1\" type=\"text\" name=\"form_fields[name]\" id=\"form-field-name\" class=\"elementor-field elementor-size-sm  elementor-field-textual\" placeholder=\"Nombre\">\n\t\t\t\t\t\t\t\t\t\t\t<\/div>\n\t\t\t\t\t\t\t\t<div class=\"elementor-field-type-select elementor-field-group elementor-column elementor-field-group-field_a76d533 elementor-col-100\">\n\t\t\t\t\t\t\t\t\t\t\t\t<label for=\"form-field-field_a76d533\" class=\"elementor-field-label elementor-screen-only\">\n\t\t\t\t\t\t\t\tCountry\t\t\t\t\t\t\t<\/label>\n\t\t\t\t\t\t\t\t<div class=\"elementor-field elementor-select-wrapper remove-before\">\n\t\t\t<div class=\"select-caret-down-wrapper\">\n\t\t\t\t<svg aria-hidden=\"true\" class=\"e-font-icon-svg e-eicon-caret-down\" viewbox=\"0 0 571.4 571.4\" xmlns=\"http:\/\/www.w3.org\/2000\/svg\"><path d=\"M571 393Q571 407 561 418L311 668Q300 679 286 679T261 668L11 418Q0 407 0 393T11 368 36 357H536Q550 357 561 368T571 393Z\"><\/path><\/svg>\t\t\t<\/div>\n\t\t\t<select name=\"form_fields[field_a76d533]\" id=\"form-field-field_a76d533\" class=\"elementor-field-textual elementor-size-sm\">\n\t\t\t\t\t\t\t\t\t<option value=\"Other\">Other<\/option>\n\t\t\t\t\t\t\t\t\t<option value=\"Canada\">Canada<\/option>\n\t\t\t\t\t\t\t\t\t<option value=\"USA\">USA<\/option>\n\t\t\t\t\t\t\t\t\t<option value=\"Mexico\">Mexico<\/option>\n\t\t\t\t\t\t\t\t\t<option value=\"What is your country?\">What is your country?<\/option>\n\t\t\t\t\t\t\t\t\t<option value=\"\"><\/option>\n\t\t\t\t\t\t\t<\/select>\n\t\t<\/div>\n\t\t\t\t\t\t<\/div>\n\t\t\t\t\t\t\t\t<div class=\"elementor-field-type-email elementor-field-group elementor-column elementor-field-group-email elementor-col-100 elementor-field-required\">\n\t\t\t\t\t\t\t\t\t\t\t\t<label for=\"form-field-email\" class=\"elementor-field-label elementor-screen-only\">\n\t\t\t\t\t\t\t\te-mail\t\t\t\t\t\t\t<\/label>\n\t\t\t\t\t\t\t\t\t\t\t\t\t\t<input size=\"1\" type=\"email\" name=\"form_fields[email]\" id=\"form-field-email\" class=\"elementor-field elementor-size-sm  elementor-field-textual\" placeholder=\"Email\" required=\"required\">\n\t\t\t\t\t\t\t\t\t\t\t<\/div>\n\t\t\t\t\t\t\t\t<div class=\"elementor-field-type-tel elementor-field-group elementor-column elementor-field-group-field_e5c9e3c elementor-col-100 elementor-field-required\">\n\t\t\t\t\t\t\t\t\t\t\t\t<label for=\"form-field-field_e5c9e3c\" class=\"elementor-field-label elementor-screen-only\">\n\t\t\t\t\t\t\t\tPhone\t\t\t\t\t\t\t<\/label>\n\t\t\t\t\t\t\t\t<input size=\"1\" type=\"tel\" name=\"form_fields[field_e5c9e3c]\" id=\"form-field-field_e5c9e3c\" class=\"elementor-field elementor-size-sm  elementor-field-textual\" placeholder=\"(Int) + phone number\" required=\"required\" pattern=\"[0-9()#&amp;+*-=.]+\" title=\"Only numbers and phone characters (#, -, *, etc) are accepted.\">\n\n\t\t\t\t\t\t<\/div>\n\t\t\t\t\t\t\t\t<div class=\"elementor-field-type-textarea elementor-field-group elementor-column elementor-field-group-message elementor-col-100\">\n\t\t\t\t\t\t\t\t\t\t\t\t<label for=\"form-field-message\" class=\"elementor-field-label elementor-screen-only\">\n\t\t\t\t\t\t\t\tMensaje\t\t\t\t\t\t\t<\/label>\n\t\t\t\t\t\t<textarea class=\"elementor-field-textual elementor-field  elementor-size-sm\" name=\"form_fields[message]\" id=\"form-field-message\" rows=\"4\" placeholder=\"How can we help you?\"><\/textarea>\t\t\t\t<\/div>\n\t\t\t\t\t\t\t\t<div class=\"elementor-field-type-recaptcha_v3 elementor-field-group elementor-column elementor-field-group-field_32a2922 elementor-col-100 recaptcha_v3-bottomright\">\n\t\t\t\t\t<div class=\"elementor-field\" id=\"form-field-field_32a2922\"><div class=\"elementor-g-recaptcha\" data-sitekey=\"6Ldomq0qAAAAAMvHrnZUNgUFoPAWVMjsg2GrAm6y\" data-type=\"v3\" data-action=\"Form\" data-badge=\"bottomright\" data-size=\"invisible\"><\/div><\/div>\t\t\t\t<\/div>\n\t\t\t\t\t\t\t\t<div class=\"elementor-field-group elementor-column elementor-field-type-submit elementor-col-100 e-form__buttons\">\n\t\t\t\t\t<button class=\"elementor-button elementor-size-xs\" type=\"submit\">\n\t\t\t\t\t\t<span class=\"elementor-button-content-wrapper\">\n\t\t\t\t\t\t\t\t\t\t\t\t\t\t\t\t\t\t\t\t\t\t<span class=\"elementor-button-text\">Send Message<\/span>\n\t\t\t\t\t\t\t\t\t\t\t\t\t<\/span>\n\t\t\t\t\t<\/button>\n\t\t\t\t<\/div>\n\t\t\t<\/div>\n\t\t<input type=\"hidden\" name=\"trp-form-language\" value=\"es\"\/><\/form>\n\t\t\t\t\t\t<\/div>\n\t\t\t\t<\/div>\n\t\t\t\t<div class=\"elementor-element elementor-element-b6ff527 elementor-widget-divider--separator-type-pattern elementor-widget-divider--view-line elementor-widget elementor-widget-divider\" data-id=\"b6ff527\" data-element_type=\"widget\" data-widget_type=\"divider.default\">\n\t\t\t\t<div class=\"elementor-widget-container\">\n\t\t\t\t\t\t\t<div class=\"elementor-divider\" style=\"--divider-pattern-url: url(&quot;data:image\/svg+xml,%3Csvg xmlns=&#039;http:\/\/www.w3.org\/2000\/svg&#039; preserveAspectRatio=&#039;none&#039; overflow=&#039;visible&#039; height=&#039;100%&#039; viewBox=&#039;0 0 20 16&#039; fill=&#039;none&#039; stroke=&#039;black&#039; stroke-width=&#039;1&#039; stroke-linecap=&#039;square&#039; stroke-miterlimit=&#039;10&#039;%3E%3Cg transform=&#039;translate(-12.000000, 0)&#039;%3E%3Cpath d=&#039;M28,0L10,18&#039;\/%3E%3Cpath d=&#039;M18,0L0,18&#039;\/%3E%3Cpath d=&#039;M48,0L30,18&#039;\/%3E%3Cpath d=&#039;M38,0L20,18&#039;\/%3E%3C\/g%3E%3C\/svg%3E&quot;);\">\n\t\t\t<span class=\"elementor-divider-separator\">\n\t\t\t\t\t\t<\/span>\n\t\t<\/div>\n\t\t\t\t\t\t<\/div>\n\t\t\t\t<\/div>\n\t\t\t\t\t<\/div>\n\t\t<\/div>\n\t\t\t\t\t<\/div>\n\t\t<\/section>\n\t\t\t\t<section class=\"elementor-section elementor-top-section elementor-element elementor-element-b7a72bd elementor-section-full_width elementor-section-stretched elementor-section-height-default elementor-section-height-default\" data-id=\"b7a72bd\" data-element_type=\"section\" data-settings=\"{&quot;stretch_section&quot;:&quot;section-stretched&quot;,&quot;background_background&quot;:&quot;classic&quot;,&quot;_ha_eqh_enable&quot;:false}\">\n\t\t\t\t\t\t\t<div class=\"elementor-background-overlay\"><\/div>\n\t\t\t\t\t\t\t<div class=\"elementor-container elementor-column-gap-default\">\n\t\t\t\t\t<div class=\"elementor-column elementor-col-100 elementor-top-column elementor-element elementor-element-c8ea351\" data-id=\"c8ea351\" data-element_type=\"column\" data-settings=\"{&quot;motion_fx_motion_fx_scrolling&quot;:&quot;yes&quot;,&quot;motion_fx_translateY_effect&quot;:&quot;yes&quot;,&quot;motion_fx_translateY_affectedRange&quot;:{&quot;unit&quot;:&quot;%&quot;,&quot;size&quot;:&quot;&quot;,&quot;sizes&quot;:{&quot;start&quot;:20,&quot;end&quot;:82}},&quot;motion_fx_translateY_speed&quot;:{&quot;unit&quot;:&quot;px&quot;,&quot;size&quot;:4,&quot;sizes&quot;:[]},&quot;motion_fx_devices&quot;:[&quot;desktop&quot;,&quot;tablet&quot;,&quot;mobile&quot;]}\">\n\t\t\t<div class=\"elementor-widget-wrap elementor-element-populated\">\n\t\t\t\t\t\t<div class=\"elementor-element elementor-element-ebebeb1 animated-slow elementor-invisible elementor-widget elementor-widget-heading\" data-id=\"ebebeb1\" data-element_type=\"widget\" data-settings=\"{&quot;_animation&quot;:&quot;fadeIn&quot;}\" data-widget_type=\"heading.default\">\n\t\t\t\t<div class=\"elementor-widget-container\">\n\t\t\t\t\t<h2 class=\"elementor-heading-title elementor-size-default\">SIAN KA \u0301AN<\/h2>\t\t\t\t<\/div>\n\t\t\t\t<\/div>\n\t\t\t\t<div class=\"elementor-element elementor-element-6828497 elementor-widget elementor-widget-text-editor\" data-id=\"6828497\" data-element_type=\"widget\" data-widget_type=\"text-editor.default\">\n\t\t\t\t<div class=\"elementor-widget-container\">\n\t\t\t\t\t\t\t\t\t<p>By PremiumProperties<\/p>\t\t\t\t\t\t\t\t<\/div>\n\t\t\t\t<\/div>\n\t\t\t\t<div class=\"elementor-element elementor-element-7bbc665 elementor-widget__width-initial elementor-widget-mobile__width-inherit elementor-widget elementor-widget-text-editor\" data-id=\"7bbc665\" data-element_type=\"widget\" data-widget_type=\"text-editor.default\">\n\t\t\t\t<div class=\"elementor-widget-container\">\n\t\t\t\t\t\t\t\t\t<p class=\"translation-block\">ESTAMOS UBICADOS EN LA RESERVA NATURAL DE LA BI\u00d3SFERA DE SIAN KA \u0301AN, DECLARADA PATRIMONIO DE LA HUMANIDAD EN 1987 POR LA UNESCO, CELEBRANDO M\u00c1S DE 30 A\u00d1OS DE HABER SIDO DECLARADOS \u00c1REA NATURAL PROTEGIDA POR LA ZONA SUR DE LA PLAYA DE TULUM EN CONEXI\u00d3N CON EL PUEBLO PESQUERO DE PUNTA ALLEN, Q. ROO. M\u00c9XICO.<\/p>\n<p class=\"translation-block\">ADEM\u00c1S DE SER UNA DE LAS ZONAS CON BELLEZA ESC\u00c9NICA \u00daNICA, ES DE GRAN IMPORTANCIA PARA LA REGI\u00d3N Y EL MUNDO POR LOS SERVICIOS AMBIENTALES QUE BRINDA, COMO LOS RESERVORES DE CARBONO QUE SE ENCUENTRAN EN LOS MANGLARES.<\/p>\n<p class=\"translation-block\">ES UNO DE LOS CASOS DE \u00c9XITO EN LA CONSERVACI\u00d3N DE SUS ECOSISTEMAS. GRACIAS AL TRABAJO CONJUNTO ENTRE LOS TRES NIVELES DE GOBIERNO, INSTITUCIONES ACAD\u00c9MICAS, ORGANISMOS INTERNACIONALES Y LA SOCIEDAD CIVIL, SE HA POSIBLE CONSERVAR LOS NUEVE ECOSISTEMAS QUE EXISTEN EN LA RESERVA COMO SELVA, HUMEDALES, MANGLARES Y ARRECIFES DE CORAL, ADEM\u00c1S DE IMPULSAR PROYECTOS\u00a0<span>CON LAS COMUNIDADES QUE LOS HABITAN.<\/span><\/p>\n<p class=\"translation-block\">Hogar del jaguar, el tapir, el manat\u00ed y el pecar\u00ed, Sian Ka'an cuenta con un sistema de r\u00edos subterr\u00e1neos de agua dulce que conectan los cenotes y los petenes, \u00fanico en la pen\u00ednsula de Yucat\u00e1n y en el mundo, sin duda el capital natural m\u00e1s importante de la reserva. Sian Ka'an alberga nueve ecosistemas, tres h\u00e1bitats acu\u00e1ticos y 120 kil\u00f3metros del sistema arrecifal mesoamericano, que abarca cuatro pa\u00edses: Honduras, Guatemala, Belice y M\u00e9xico.<\/p>\t\t\t\t\t\t\t\t<\/div>\n\t\t\t\t<\/div>\n\t\t\t\t\t<\/div>\n\t\t<\/div>\n\t\t\t\t\t<\/div>\n\t\t<\/section>\n\t\t\t\t<\/div>","protected":false},"excerpt":{"rendered":"<p>LAND FOR SALE REAL ESTATE PROJECTS &amp; HOUSES By PremiumProperties Lote Aldea Zama PROPERTY SIZE: 6987.32 M2 SEA FRONT : 63.38 MTS BACKGROUND FRONT: 65.40 MTS LATERAL: 110 MTS USD 2.800.000 Lote Escuela PROPERTY SIZE: 12.957.78 M2 SEA FRONT : 128 MTS BACKGROUND FRONT: 102 MTS LATERAL: 127 MTS USD 2.800.000 LoteS 18 Y 21 [&hellip;]<\/p>","protected":false},"author":3,"featured_media":0,"parent":0,"menu_order":0,"comment_status":"closed","ping_status":"closed","template":"elementor_header_footer","meta":{"footnotes":""},"class_list":["post-619","page","type-page","status-publish","hentry"],"_links":{"self":[{"href":"https:\/\/premiumproperties.com.mx\/es\/wp-json\/wp\/v2\/pages\/619","targetHints":{"allow":["GET"]}}],"collection":[{"href":"https:\/\/premiumproperties.com.mx\/es\/wp-json\/wp\/v2\/pages"}],"about":[{"href":"https:\/\/premiumproperties.com.mx\/es\/wp-json\/wp\/v2\/types\/page"}],"author":[{"embeddable":true,"href":"https:\/\/premiumproperties.com.mx\/es\/wp-json\/wp\/v2\/users\/3"}],"replies":[{"embeddable":true,"href":"https:\/\/premiumproperties.com.mx\/es\/wp-json\/wp\/v2\/comments?post=619"}],"version-history":[{"count":19,"href":"https:\/\/premiumproperties.com.mx\/es\/wp-json\/wp\/v2\/pages\/619\/revisions"}],"predecessor-version":[{"id":666,"href":"https:\/\/premiumproperties.com.mx\/es\/wp-json\/wp\/v2\/pages\/619\/revisions\/666"}],"wp:attachment":[{"href":"https:\/\/premiumproperties.com.mx\/es\/wp-json\/wp\/v2\/media?parent=619"}],"curies":[{"name":"wp","href":"https:\/\/api.w.org\/{rel}","templated":true}]}}